{"id":3249,"date":"2026-02-26T20:06:07","date_gmt":"2026-02-26T20:06:07","guid":{"rendered":"https:\/\/gemaargentina.com\/tienda\/?page_id=3249"},"modified":"2026-02-26T20:07:35","modified_gmt":"2026-02-26T20:07:35","slug":"politicas-de-privacidad","status":"publish","type":"page","link":"https:\/\/gemamaquinarias.com\/tienda\/politicas-de-privacidad\/","title":{"rendered":"Pol\u00edticas de privacidad"},"content":{"rendered":"\t\t<div data-elementor-type=\"wp-page\" data-elementor-id=\"3249\" class=\"elementor elementor-3249\" wpc-filter-elementor-widget=\"1\" data-elementor-post-type=\"page\">\n\t\t\t\t<div class=\"elementor-element elementor-element-26654cc1 e-flex e-con-boxed e-con e-parent\" data-id=\"26654cc1\" data-element_type=\"container\" data-e-type=\"container\">\n\t\t\t\t\t<div class=\"e-con-inner\">\n\t\t\t\t<div class=\"elementor-element elementor-element-35544306 elementor-widget elementor-widget-text-editor\" data-id=\"35544306\" data-element_type=\"widget\" data-e-type=\"widget\" data-widget_type=\"text-editor.default\">\n\t\t\t\t\t\t\t\t\t\n<p><strong>1) \u00bfQui\u00e9nes aplican y qu\u00e9 finalidad tiene esta Pol\u00edtica de Privacidad?<\/strong><\/p>\n<p>La presente Pol\u00edtica de Privacidad es la aplicada por ROGAS SAS. Esta Pol\u00edtica de Privacidad describe el modo en el que ROGAS SAS recopila, almacena y utiliza la informaci\u00f3n sobre las personas que visitan este sitio web.<\/p>\n<p><strong>2) \u00bfC\u00f3mo opera la aceptaci\u00f3n y las modificaciones a la Pol\u00edtica de Privacidad?<\/strong><\/p>\n<p>AL UTILIZAR ESTE SITIO WEB, USTED APRUEBA LA RECOPILACI\u00d3N Y EL USO DE SUS DATOS PERSONALES COMO SE ESTABLECE EN ESTA POLITICA DE PRIVACIDAD. TAMBI\u00c9N RECONOCE QUE ROGAS SAS PUEDE CAMBIAR, MODIFICAR, A\u00d1ADIR, ELIMINAR O ACTUALIZAR DE CUALQUIER OTRO MODO ESTA POL\u00cdTICA DE PRIVACIDAD, SEG\u00daN CONSIDERE, SIN AVISO PREVIO. Sin embargo, siempre se tratar\u00e1 su informaci\u00f3n personal de acuerdo con la Pol\u00edtica de Privacidad vigente en el momento de su recopilaci\u00f3n. Nuestra intenci\u00f3n es publicar los cambios de la Pol\u00edtica de Privacidad en esta p\u00e1gina, para que usted disponga de toda la informaci\u00f3n acerca de los tipos de informaci\u00f3n que recopilamos, el modo en el que la utilizamos y las circunstancias en las que se puede divulgar.<\/p>\n<p><strong>3) \u00bfD\u00f3nde puedo encontrar y qu\u00e9 detalles incluir\u00e1 la Pol\u00edtica de Privacidad?<\/strong><\/p>\n<p>Nuestra Pol\u00edtica de Privacidad se encuentra en nuestra p\u00e1gina principal, as\u00ed como en cualquier p\u00e1gina en la que se soliciten Datos Personales. En todas las secciones en las que se recaben Datos Personales, se proporcionar\u00e1, de ser necesaria, una explicaci\u00f3n ampliada sobre los fines para los cuales se utilizar\u00e1n los datos solicitados.<\/p>\n<p><strong>4) \u00bfQu\u00e9 son y c\u00f3mo se procesan los Datos Personales?<\/strong><\/p>\n<p>El t\u00e9rmino \u201cDatos Personales\u201d, tal como se emplea en esta Pol\u00edtica de Privacidad, hace referencia a la informaci\u00f3n que puede utilizarse para identificarlo, como su nombre, fecha de nacimiento, direcci\u00f3n de correo electr\u00f3nico, direcci\u00f3n postal o n\u00famero de tel\u00e9fono. Generalmente, procesaremos los Datos Personales exclusivamente como se describe en esta Pol\u00edtica de Privacidad. Sin embargo, nos reservamos el derecho de llevar a cabo un procesamiento adicional en la medida en la que lo permita o lo requiera la legislaci\u00f3n o como complemento de alguna investigaci\u00f3n jur\u00eddica o penal. La siguiente secci\u00f3n explica c\u00f3mo y d\u00f3nde recopilamos sus Datos Personales.<\/p>\n<p><strong>5) \u00bfQu\u00e9 sucede si no comparto mis Datos Personales?<\/strong><\/p>\n<p>La mayor\u00eda de nuestros servicios no requieren ning\u00fan tipo de registro, lo que le permitir\u00e1 visitar nuestra p\u00e1gina web sin necesidad de identificarse. Sin embargo, algunos de los servicios le pedir\u00e1n que nos proporcione sus Datos Personales. En estas situaciones, si elige no proporcionarnos sus Datos Personales solicitados, puede que no tenga acceso a algunas secciones de la p\u00e1gina web y que nosotros no podamos responder a su consulta. La siguiente secci\u00f3n explica c\u00f3mo y d\u00f3nde recopilamos sus Datos Personales.<\/p>\n<p><strong>6) \u00bfC\u00f3mo y d\u00f3nde se recopilan los Datos Personales?<\/strong><\/p>\n<p>Todos los Datos Personales recabados a trav\u00e9s de esta p\u00e1gina web se incluir\u00e1n en una base de datos de titularidad de ROGAS SAS, con el objetivo de proporcionarle y\/o facturarle los productos o servicios que haya solicitado, as\u00ed como para mantenerle informado, incluso por medios electr\u00f3nicos, sobre productos y servicios que consideramos que pueden ser de su inter\u00e9s. En todo caso, la utilizaci\u00f3n de sus datos para cualquier otra finalidad le ser\u00e1 comunicada antes de proceder a su tratamiento.<\/p>\n<p><strong>7) \u00bfQu\u00e9 tratamiento otorgar\u00e1n a mis Datos Personales respecto de Terceros?<\/strong><\/p>\n<p>Nos comprometemos a no vender, difundir o distribuir de ning\u00fan otro modo sus Datos Personales a terceros, excepto en los casos dispuestos en la presente Pol\u00edtica de Privacidad.\u00a0<\/p>\n<p>En este sentido, usted consiente que, con la misma finalidad que la indicada en la presente Pol\u00edtica de Privacidad, podamos ceder sus Datos Personales a terceros que act\u00faen en nuestro nombre para que los procesen de conformidad con los fines para los que se recopilaron originalmente o pueden procesarse de otro modo legal, como prestaci\u00f3n de servicios, evaluaci\u00f3n de la utilidad del sitio, marketing, gesti\u00f3n de datos o asistencia t\u00e9cnica. Estos terceros han suscrito un contrato con nosotros para utilizar exclusivamente los Datos Personales para los fines acordados y no vender ni divulgar sus Datos Personales a otros terceros, salvo que lo requiera la legislaci\u00f3n, lo permitamos nosotros o se indique en esta Pol\u00edtica de Privacidad.\u00a0<br \/>Asimismo, sus Datos Personales recopilados pueden transferirse a terceros en caso de que el negocio relacionado con este sitio y los datos de los clientes relacionados con \u00e9l se vendan, adjudiquen o cedan de forma total o parcial; en tal caso, le pedir\u00edamos al comprador, adjudicatario o cesionario que trate los Datos Personales de acuerdo con esta Pol\u00edtica de Privacidad. Asimismo, los Datos Personales podr\u00e1n divulgarse a terceros si fu\u00e9ramos requeridos para actuar de este modo con base en la legislaci\u00f3n vigente, una orden judicial o un reglamento gubernamental o si dicha divulgaci\u00f3n fuera necesaria, de alg\u00fan otro modo, para respaldar una investigaci\u00f3n o un procedimiento judicial o penal aqu\u00ed o en el extranjero.<\/p>\n<p><strong>8) \u00bfCon qu\u00e9 derechos cuento como Titular de mis Datos Personales?<\/strong><\/p>\n<p>Derecho de acceso, rectificaci\u00f3n y supresi\u00f3n: siempre que procesamos Datos Personales, tomamos las medidas razonables para garantizar que sus Datos Personales se mantengan precisos y actualizados para los fines para los que fueron recopilados. De conformidad con la Ley N\u00ba 25.326 de Protecci\u00f3n de los Datos Personales, usted tiene la facultad de ejercer el derecho de acceso a los mismos en forma gratuita a intervalos no inferiores a seis meses, salvo que acredite un inter\u00e9s leg\u00edtimo al efecto conforme lo establecido en el art\u00edculo 14, inciso 3 de la ley 25.326. Asimismo, podr\u00e1 ejercer los derechos de rectificaci\u00f3n y supresi\u00f3n. Ponemos en su conocimiento que la DIRECCION NACIONAL DE PROTECCION DE DATOS PERSONALES, \u00d3rgano de Control de la Ley N\u00ba 25.326, tiene la atribuci\u00f3n de atender las denuncias y reclamos que se interpongan con relaci\u00f3n al incumplimiento de las normas sobre protecci\u00f3n de datos personales.<\/p>\n<p><strong>9) \u00bfC\u00f3mo ejerzo mis derechos?<\/strong><\/p>\n<p>Si desea ponerse en contacto con nosotros respecto a nuestro uso de sus Datos Personales o bien ejercer sus derechos de acceso, rectificaci\u00f3n y supresi\u00f3n al tratamiento de sus Datos Personales, por favor env\u00ede un correo electr\u00f3nico a\u00a0 <a href=\"mailto:atencionalcliente@gemaargentina.com\">atencionalcliente@gemaargentina.com<\/a> \u00a0Si se pone en contacto con nosotros, indique el nombre del sitio web en el que introdujo sus datos y acompa\u00f1e una copia de su documento nacional de identidad, pasaporte u otro documento v\u00e1lido que lo identifique, as\u00ed como la informaci\u00f3n espec\u00edfica que quiere que corrijamos, actualicemos o eliminemos. Las solicitudes para suprimir Datos Personales estar\u00e1n sujetas a cualquier obligaci\u00f3n legal y \u00e9tica vigente de informar o cumplimentar documentos u obligaciones de retenci\u00f3n documental que nos sean impuestas.<\/p>\n<p><strong>10) \u00bfQu\u00e9 acciones toman en resguardo de mis Datos Personales?<\/strong><\/p>\n<p>ROGAS SAS ha adoptado y mantiene las medidas de seguridad, administrativas, t\u00e9cnicas y f\u00edsicas, necesarias y razonables para proteger sus Datos Personales contra da\u00f1o, p\u00e9rdida, alteraci\u00f3n, destrucci\u00f3n o el uso, acceso o tratamiento no autorizados. Procuramos que las medidas de seguridad adoptadas sean las adecuadas para mantener correctamente resguardados sus datos personales. En lo que respecta a la informaci\u00f3n de datos personales sensibles, hacemos los esfuerzos razonables con el fin que se limite el periodo del tratamiento y siempre apegados a la finalidad para los cuales se recaban.<\/p>\n\t\t\t\t\t\t\t\t<\/div>\n\t\t\t\t\t<\/div>\n\t\t\t\t<\/div>\n\t\t\t\t<\/div>\n\t\t","protected":false},"excerpt":{"rendered":"<p>1) \u00bfQui\u00e9nes aplican y qu\u00e9 finalidad tiene esta Pol\u00edtica de Privacidad? La presente Pol\u00edtica de&hellip;<\/p>\n","protected":false},"author":3,"featured_media":0,"parent":0,"menu_order":0,"comment_status":"closed","ping_status":"closed","template":"","meta":{"_acf_changed":false,"footnotes":""},"class_list":["post-3249","page","type-page","status-publish","hentry"],"acf":[],"_links":{"self":[{"href":"https:\/\/gemamaquinarias.com\/tienda\/wp-json\/wp\/v2\/pages\/3249","targetHints":{"allow":["GET"]}}],"collection":[{"href":"https:\/\/gemamaquinarias.com\/tienda\/wp-json\/wp\/v2\/pages"}],"about":[{"href":"https:\/\/gemamaquinarias.com\/tienda\/wp-json\/wp\/v2\/types\/page"}],"author":[{"embeddable":true,"href":"https:\/\/gemamaquinarias.com\/tienda\/wp-json\/wp\/v2\/users\/3"}],"replies":[{"embeddable":true,"href":"https:\/\/gemamaquinarias.com\/tienda\/wp-json\/wp\/v2\/comments?post=3249"}],"version-history":[{"count":3,"href":"https:\/\/gemamaquinarias.com\/tienda\/wp-json\/wp\/v2\/pages\/3249\/revisions"}],"predecessor-version":[{"id":3252,"href":"https:\/\/gemamaquinarias.com\/tienda\/wp-json\/wp\/v2\/pages\/3249\/revisions\/3252"}],"wp:attachment":[{"href":"https:\/\/gemamaquinarias.com\/tienda\/wp-json\/wp\/v2\/media?parent=3249"}],"curies":[{"name":"wp","href":"https:\/\/api.w.org\/{rel}","templated":true}]}}